{"id":1032,"date":"2020-01-22T12:07:41","date_gmt":"2020-01-22T17:07:41","guid":{"rendered":"http:\/\/accpol.org\/accpol\/?page_id=1032"},"modified":"2025-05-26T16:44:16","modified_gmt":"2025-05-26T21:44:16","slug":"certificacion-tarjeta-profesional","status":"publish","type":"page","link":"https:\/\/accpol.org\/accpol\/certificacion-tarjeta-profesional\/","title":{"rendered":"Certificaci\u00f3n Tarjeta Profesional"},"content":{"rendered":"\n<p>\u00bfTe solicitan tarjeta profesional para aplicar a convocatorias laborales?<\/p>\n\n\n\n<p>\u00bfSab\u00edas que en Colombia no existe tarjeta profesional para profesionales en ciencia pol\u00edtica, estudios pol\u00edticos, gobierno y relaciones internacionales?<\/p>\n\n\n\n<p class=\"has-text-align-left has-vivid-cyan-blue-color has-text-color\"><strong><a href=\"https:\/\/accpol.org\/accpol\/wp-content\/uploads\/2025\/05\/Certificado-de-Tarjeta-Profesional-IV.pdf\" data-type=\"URL\" data-id=\"https:\/\/accpol.org\/accpol\/wp-content\/uploads\/2025\/05\/Certificado-de-Tarjeta-Profesional-IV.pdf\" target=\"_blank\" rel=\"noreferrer noopener\">Descarga aqu\u00ed la constancia<\/a><\/strong><\/p>\n","protected":false},"excerpt":{"rendered":"<p>\u00bfTe solicitan tarjeta profesional para aplicar a convocatorias laborales? \u00bfSab\u00edas que en Colombia no existe tarjeta profesional para profesionales en ciencia pol\u00edtica, estudios pol\u00edticos, gobierno y relaciones internacionales? Descarga aqu\u00ed la constancia<\/p>\n","protected":false},"author":3,"featured_media":0,"parent":0,"menu_order":0,"comment_status":"closed","ping_status":"closed","template":"","meta":{"_acf_changed":false,"footnotes":""},"class_list":["post-1032","page","type-page","status-publish","hentry"],"acf":[],"jetpack_sharing_enabled":true,"jetpack_shortlink":"https:\/\/wp.me\/P7OPcT-gE","_links":{"self":[{"href":"https:\/\/accpol.org\/accpol\/wp-json\/wp\/v2\/pages\/1032","targetHints":{"allow":["GET"]}}],"collection":[{"href":"https:\/\/accpol.org\/accpol\/wp-json\/wp\/v2\/pages"}],"about":[{"href":"https:\/\/accpol.org\/accpol\/wp-json\/wp\/v2\/types\/page"}],"author":[{"embeddable":true,"href":"https:\/\/accpol.org\/accpol\/wp-json\/wp\/v2\/users\/3"}],"replies":[{"embeddable":true,"href":"https:\/\/accpol.org\/accpol\/wp-json\/wp\/v2\/comments?post=1032"}],"version-history":[{"count":9,"href":"https:\/\/accpol.org\/accpol\/wp-json\/wp\/v2\/pages\/1032\/revisions"}],"predecessor-version":[{"id":1642,"href":"https:\/\/accpol.org\/accpol\/wp-json\/wp\/v2\/pages\/1032\/revisions\/1642"}],"wp:attachment":[{"href":"https:\/\/accpol.org\/accpol\/wp-json\/wp\/v2\/media?parent=1032"}],"curies":[{"name":"wp","href":"https:\/\/api.w.org\/{rel}","templated":true}]}}