{"id":11,"date":"2016-07-26T14:31:04","date_gmt":"2016-07-26T19:31:04","guid":{"rendered":"http:\/\/accpol.org\/accpol\/?page_id=11"},"modified":"2021-05-18T14:37:58","modified_gmt":"2021-05-18T19:37:58","slug":"membresia","status":"publish","type":"page","link":"https:\/\/accpol.org\/accpol\/membresia\/","title":{"rendered":"Membres\u00eda"},"content":{"rendered":"<p style=\"text-align: center;\">La membres\u00eda permite definir a nuestros miembros como asociados con sentido de pertenencia y compromiso con el fortalecimiento de la Asociaci\u00f3n Colombiana de Ciencia Pol\u00edtica ACCPOL.<\/p>\n<p>La ACCPOL establece las siguientes categor\u00edas de miembros:<\/p>\n<ol>\n<li>Miembros colectivos Fundadores<\/li>\n<li>Miembros colectivos Asociados<\/li>\n<li>Miembros individuales<\/li>\n<\/ol>\n<p>Son miembros colectivos\u00a0fundadores de la Asociaci\u00f3n las Universidades que han concurrido a la constituci\u00f3n de la Asociaci\u00f3n; es decir, aquellos que estando de acuerdo con los prop\u00f3sitos que dan origen a la Asociaci\u00f3n, firman el acta de constituci\u00f3n de la Asociaci\u00f3n, aprueban los estatutos y participan con aportes por un valor mayor o igual al m\u00ednimo establecido. Los miembros fundadores son considerados miembros de pleno derecho<\/p>\n<p>Son miembros colectivos\u00a0Asociados \u00a0con pleno derecho las Universidades con Programas de Ciencia Pol\u00edtica y afines con registro calificado que soliciten su afiliaci\u00f3n y sean debidamente aceptados por la Junta Directiva.<\/p>\n<p>Son miembros individuales con pleno derecho de la Asociaci\u00f3n, con derecho a voz y voto en la Asamblea General:<\/p>\n<ol>\n<li>Los (as) polit\u00f3logos (as), con t\u00edtulo de pregrado, expedido por instituciones debidamente reconocidas en el pa\u00eds o en el exterior;<\/li>\n<li>Las personas con t\u00edtulo de maestr\u00eda y\/o doctorado en ciencia pol\u00edtica o estudios pol\u00edticos, otorgado por instituciones debidamente acreditadas en el pa\u00eds o en el exterior.<\/li>\n<li>Otros profesionales en ciencias sociales y humanidades con trayectoria acad\u00e9mica o investigativa en el \u00e1rea de la ciencia pol\u00edtica o en campos afines a la Ciencia Pol\u00edtica de acuerdo con los campos cient\u00edficos definidos internacionalmente por la <em>International Political Science Association<\/em> \u2013IPSA- y la UNESCO.<\/li>\n<\/ol>\n<p style=\"text-align: center;\"><img data-recalc-dims=\"1\" loading=\"lazy\" decoding=\"async\" class=\"size-full wp-image-250 aligncenter\" src=\"https:\/\/i0.wp.com\/accpol.org\/accpol\/wp-content\/uploads\/2018\/05\/miembros-3.png?resize=640%2C335&#038;ssl=1\" alt=\"\" width=\"640\" height=\"335\" \/><\/p>\n<p style=\"text-align: center;\">\u00a0<div class=\"su-button-center\"><a href=\"https:\/\/accpol.org\/accpol\/wp-content\/uploads\/2021\/05\/Formulario-de-Afiliacion-Individual-ACCPOL-2021.pdf\" class=\"su-button su-button-style-flat su-button-wide\" style=\"color:#FFFFFF;background-color:#9b3233;border-color:#7c2829;border-radius:0px\" target=\"_self\"><span style=\"color:#FFFFFF;padding:7px 20px;font-size:16px;line-height:24px;border-color:#b97071;border-radius:0px;text-shadow:0px 0px 2px #000000\"><i class=\"sui sui-file-text-o\" style=\"font-size:16px;color:#FFFFFF\"><\/i> Descargar el formulario de afiliaci\u00f3n miembros individuales<\/span><\/a><\/div>\n<p style=\"text-align: center;\"><div class=\"su-button-center\"><a href=\"https:\/\/accpol.org\/accpol\/wp-content\/uploads\/2021\/05\/Formulario-de-Afiliacion-Institucional-ACCPOL-2021.pdf\" class=\"su-button su-button-style-flat su-button-wide\" style=\"color:#FFFFFF;background-color:#9b3233;border-color:#7c2829;border-radius:0px\" target=\"_self\"><span style=\"color:#FFFFFF;padding:7px 20px;font-size:16px;line-height:24px;border-color:#b97071;border-radius:0px;text-shadow:0px 0px 2px #000000\"><i class=\"sui sui-file-text-o\" style=\"font-size:16px;color:#FFFFFF\"><\/i> Descargar el formulario de afiliaci\u00f3n miembros colectivos asociados<\/span><\/a><\/div>\n","protected":false},"excerpt":{"rendered":"<p>La membres\u00eda permite definir a nuestros miembros como asociados con sentido de pertenencia y compromiso con el fortalecimiento de la Asociaci\u00f3n Colombiana de Ciencia Pol\u00edtica ACCPOL. La ACCPOL establece las siguientes categor\u00edas de miembros: Miembros colectivos Fundadores Miembros colectivos Asociados Miembros individuales Son miembros colectivos\u00a0fundadores de la Asociaci\u00f3n las Universidades que han concurrido a la [&hellip;]<\/p>\n","protected":false},"author":1,"featured_media":0,"parent":0,"menu_order":0,"comment_status":"closed","ping_status":"closed","template":"","meta":{"_acf_changed":false,"footnotes":""},"class_list":["post-11","page","type-page","status-publish","hentry"],"acf":[],"jetpack_sharing_enabled":true,"jetpack_shortlink":"https:\/\/wp.me\/P7OPcT-b","_links":{"self":[{"href":"https:\/\/accpol.org\/accpol\/wp-json\/wp\/v2\/pages\/11","targetHints":{"allow":["GET"]}}],"collection":[{"href":"https:\/\/accpol.org\/accpol\/wp-json\/wp\/v2\/pages"}],"about":[{"href":"https:\/\/accpol.org\/accpol\/wp-json\/wp\/v2\/types\/page"}],"author":[{"embeddable":true,"href":"https:\/\/accpol.org\/accpol\/wp-json\/wp\/v2\/users\/1"}],"replies":[{"embeddable":true,"href":"https:\/\/accpol.org\/accpol\/wp-json\/wp\/v2\/comments?post=11"}],"version-history":[{"count":22,"href":"https:\/\/accpol.org\/accpol\/wp-json\/wp\/v2\/pages\/11\/revisions"}],"predecessor-version":[{"id":1344,"href":"https:\/\/accpol.org\/accpol\/wp-json\/wp\/v2\/pages\/11\/revisions\/1344"}],"wp:attachment":[{"href":"https:\/\/accpol.org\/accpol\/wp-json\/wp\/v2\/media?parent=11"}],"curies":[{"name":"wp","href":"https:\/\/api.w.org\/{rel}","templated":true}]}}